{"id":15,"date":"2026-02-09T16:09:34","date_gmt":"2026-02-09T16:09:34","guid":{"rendered":"https:\/\/greenergy.network\/avaleht\/"},"modified":"2026-02-09T17:40:09","modified_gmt":"2026-02-09T17:40:09","slug":"avaleht","status":"publish","type":"page","link":"https:\/\/greenergy.network\/en\/","title":{"rendered":"Avaleht"},"content":{"rendered":"<div class=\"wp-block-group alignfull is-style-ext-preset--group--natural-1--section has-background-background-color has-background has-global-padding is-layout-constrained wp-block-group-is-layout-constrained\" style=\"margin-top:0;margin-bottom:0;padding-top:var(--wp--preset--spacing--50);padding-bottom:var(--wp--preset--spacing--70)\">\n<div class=\"wp-block-columns alignwide are-vertically-aligned-center is-layout-flex wp-container-core-columns-is-layout-174606dc wp-block-columns-is-layout-flex\">\n<div class=\"wp-block-column is-vertically-aligned-center is-layout-flow wp-block-column-is-layout-flow\">\n<figure class=\"wp-block-image size-full is-style-ext-preset--image--natural-1--image-1--content-right is-style-ext-preset--image--natural-1--image-1--content-right--2\"><img loading=\"lazy\" decoding=\"async\" width=\"1024\" height=\"1024\" src=\"https:\/\/greenergy.network\/wp-content\/uploads\/2026\/02\/Gemini_Generated_Image_w7wyrgw7wyrgw7wy-1.png\" alt=\"\" class=\"wp-image-42\" style=\"aspect-ratio:1;object-fit:cover\" srcset=\"https:\/\/greenergy.network\/wp-content\/uploads\/2026\/02\/Gemini_Generated_Image_w7wyrgw7wyrgw7wy-1.png 1024w, https:\/\/greenergy.network\/wp-content\/uploads\/2026\/02\/Gemini_Generated_Image_w7wyrgw7wyrgw7wy-1-300x300.png 300w, https:\/\/greenergy.network\/wp-content\/uploads\/2026\/02\/Gemini_Generated_Image_w7wyrgw7wyrgw7wy-1-150x150.png 150w, https:\/\/greenergy.network\/wp-content\/uploads\/2026\/02\/Gemini_Generated_Image_w7wyrgw7wyrgw7wy-1-768x768.png 768w, https:\/\/greenergy.network\/wp-content\/uploads\/2026\/02\/Gemini_Generated_Image_w7wyrgw7wyrgw7wy-1-12x12.png 12w\" sizes=\"auto, (max-width: 1024px) 100vw, 1024px\" \/><\/figure>\n<\/div>\n\n\n\n<div class=\"wp-block-column is-vertically-aligned-center is-layout-flow wp-block-column-is-layout-flow\">\n<div class=\"wp-block-group alignwide is-vertical is-layout-flex wp-container-core-group-is-layout-c35747d5 wp-block-group-is-layout-flex\">\n<div class=\"wp-block-group has-global-padding is-layout-constrained wp-container-core-group-is-layout-dd32767c wp-block-group-is-layout-constrained\">\n<h1 class=\"wp-block-heading\">Greenergy.Network connects renewable energy experts<\/h1>\n\n\n\n<p>Greenergy.Network connects renewable energy technology manufacturers, wholesalers and installers, creating a unique network for effective collaboration and knowledge sharing.<\/p>\n<\/div>\n\n\n\n<div class=\"wp-block-buttons is-layout-flex wp-block-buttons-is-layout-flex\"><\/div>\n<\/div>\n<\/div>\n<\/div>\n<\/div>\n\n\n\n<div class=\"wp-block-group alignfull is-style-ext-preset--group--natural-1--section has-tertiary-background-color has-background has-global-padding is-layout-constrained wp-block-group-is-layout-constrained\" id=\"meist\" style=\"margin-top:0;margin-bottom:0;padding-top:var(--wp--preset--spacing--70);padding-bottom:var(--wp--preset--spacing--70)\">\n<div class=\"wp-block-columns alignwide are-vertically-aligned-center is-layout-flex wp-container-core-columns-is-layout-174606dc wp-block-columns-is-layout-flex\">\n<div class=\"wp-block-column is-vertically-aligned-center is-layout-flow wp-block-column-is-layout-flow\">\n<div class=\"wp-block-group alignwide is-vertical is-layout-flex wp-container-core-group-is-layout-c35747d5 wp-block-group-is-layout-flex\">\n<div class=\"wp-block-group has-global-padding is-layout-constrained wp-container-core-group-is-layout-dd32767c wp-block-group-is-layout-constrained\">\n<h2 class=\"wp-block-heading\">Take advantage of the Greenergy.Network<\/h2>\n\n\n\n<p>As a technology manufacturer or wholesaler, you have the opportunity to make targeted offers to installers.<\/p>\n\n\n\n<p>As an installer, you will have the opportunity to take advantage of special offers from manufacturers and wholesalers.<\/p>\n<\/div>\n<\/div>\n<\/div>\n\n\n\n<div class=\"wp-block-column is-vertically-aligned-center is-layout-flow wp-block-column-is-layout-flow\">\n<figure class=\"wp-block-image is-style-ext-preset--image--natural-1--image-1--content-left is-style-ext-preset--image--natural-1--image-1--content-left--4\"><img loading=\"lazy\" decoding=\"async\" width=\"1440\" height=\"960\" src=\"https:\/\/greenergy.network\/wp-content\/uploads\/2026\/02\/97c5adf38d556917402cdd28aea16cbec5573e3d.jpg\" alt=\"\" class=\"wp-image-33\" style=\"aspect-ratio:1;object-fit:cover\" srcset=\"https:\/\/greenergy.network\/wp-content\/uploads\/2026\/02\/97c5adf38d556917402cdd28aea16cbec5573e3d.jpg 1440w, https:\/\/greenergy.network\/wp-content\/uploads\/2026\/02\/97c5adf38d556917402cdd28aea16cbec5573e3d-300x200.jpg 300w, https:\/\/greenergy.network\/wp-content\/uploads\/2026\/02\/97c5adf38d556917402cdd28aea16cbec5573e3d-1024x683.jpg 1024w, https:\/\/greenergy.network\/wp-content\/uploads\/2026\/02\/97c5adf38d556917402cdd28aea16cbec5573e3d-768x512.jpg 768w, https:\/\/greenergy.network\/wp-content\/uploads\/2026\/02\/97c5adf38d556917402cdd28aea16cbec5573e3d-18x12.jpg 18w\" sizes=\"auto, (max-width: 1440px) 100vw, 1440px\" \/><\/figure>\n<\/div>\n<\/div>\n\n\n\n<ul class=\"wp-block-list\"><\/ul>\n<\/div>","protected":false},"excerpt":{"rendered":"<p>Greenergy.Network \u00fchendab taastuvenergia eksperdid Greenergy.Network \u00fchendab taastuvenergia tehnoloogia tootjad, hulgim\u00fc\u00fcjad ja paigaldajad, luues ainulaadse v\u00f5rgustiku efektiivseks koost\u00f6\u00f6ks ja teadmiste jagamiseks. Kasutage Greenergy.Network v\u00f5rgustiku eeliseid Tehnoloogia tootjana v\u00f5i hulgim\u00fc\u00fcjana avaneb teil v\u00f5imalus thea suunatud pakkumisi paigaldajatele. Paigaldajana avaneb teil v\u00f5imalus saada osa tootjate ja hulgim\u00fc\u00fcjate eripakkumistest.<\/p>","protected":false},"author":1,"featured_media":0,"parent":0,"menu_order":0,"comment_status":"closed","ping_status":"closed","template":"no-title-sticky-header","meta":{"_monsterinsights_skip_tracking":false,"_monsterinsights_sitenote_active":false,"_monsterinsights_sitenote_note":"","_monsterinsights_sitenote_category":0,"_uf_show_specific_survey":0,"_uf_disable_surveys":false,"footnotes":""},"class_list":["post-15","page","type-page","status-publish","hentry"],"aioseo_notices":[],"_links":{"self":[{"href":"https:\/\/greenergy.network\/en\/wp-json\/wp\/v2\/pages\/15","targetHints":{"allow":["GET"]}}],"collection":[{"href":"https:\/\/greenergy.network\/en\/wp-json\/wp\/v2\/pages"}],"about":[{"href":"https:\/\/greenergy.network\/en\/wp-json\/wp\/v2\/types\/page"}],"author":[{"embeddable":true,"href":"https:\/\/greenergy.network\/en\/wp-json\/wp\/v2\/users\/1"}],"replies":[{"embeddable":true,"href":"https:\/\/greenergy.network\/en\/wp-json\/wp\/v2\/comments?post=15"}],"version-history":[{"count":5,"href":"https:\/\/greenergy.network\/en\/wp-json\/wp\/v2\/pages\/15\/revisions"}],"predecessor-version":[{"id":59,"href":"https:\/\/greenergy.network\/en\/wp-json\/wp\/v2\/pages\/15\/revisions\/59"}],"wp:attachment":[{"href":"https:\/\/greenergy.network\/en\/wp-json\/wp\/v2\/media?parent=15"}],"curies":[{"name":"wp","href":"https:\/\/api.w.org\/{rel}","templated":true}]}}